{"id":1995,"date":"2015-11-01T22:03:01","date_gmt":"2015-11-01T21:03:01","guid":{"rendered":"http:\/\/neuschneemusik.org\/w\/?page_id=1995"},"modified":"2018-11-20T20:42:14","modified_gmt":"2018-11-20T19:42:14","slug":"presse","status":"publish","type":"page","link":"https:\/\/neuschneemusik.org\/?page_id=1995","title":{"rendered":"Presse"},"content":{"rendered":"<div class=\"wpb-content-wrapper\"><p>[vc_row][vc_column width=&#8220;1\/2&#8243;][vc_btn title=&#8220;BandPics &#8211; Neuschnee (ZIP, 34MB)&#8220; style=&#8220;classic&#8220; shape=&#8220;square&#8220; color=&#8220;black&#8220; size=&#8220;sm&#8220; link=&#8220;url:http%3A%2F%2Fneuschneemusik.org%2Fw%2Fwp-content%2Fuploads%2F2018%2F02%2FBand-Pics-2018.zip|title:BandPics%20Neuschnee|&#8220;][\/vc_column][vc_column width=&#8220;1\/2&#8243;][vc_btn title=&#8220;Stage Rider with Drums (PDF, 2MB)&#8220; style=&#8220;classic&#8220; shape=&#8220;square&#8220; color=&#8220;black&#8220; size=&#8220;sm&#8220; link=&#8220;url:http%3A%2F%2Fneuschneemusik.org%2Fw%2Fwp-content%2Fuploads%2F2018%2F02%2FNeuschnee-Rider-2018.pdf||&#8220;][vc_btn title=&#8220;Stage Rider without Drums (PDF, 1MB)&#8220; style=&#8220;classic&#8220; shape=&#8220;square&#8220; color=&#8220;black&#8220; size=&#8220;sm&#8220; link=&#8220;url:http%3A%2F%2Fneuschneemusik.org%2Fw%2Fwp-content%2Fuploads%2F2018%2F02%2FNeuschnee-Rider-2018-ohne-Drums.pdf||&#8220;][vc_btn title=&#8220;Logo package (ZIP, 1,5 MB)&#8220; style=&#8220;classic&#8220; shape=&#8220;square&#8220; color=&#8220;black&#8220; size=&#8220;sm&#8220; link=&#8220;url:https%3A%2F%2Fneuschneemusik.org%2Fw%2Fwp-content%2Fuploads%2F2018%2F11%2FLogo-package.zip||&#8220;][vc_column_text][\/vc_column_text][\/vc_column][\/vc_row][vc_row][vc_column][vc_empty_space][vc_separator][vc_column_text]<\/p>\n<h4>Presselinks &#8211;\u00a0Okay<\/h4>\n<p>[\/vc_column_text][vc_tta_accordion][vc_tta_section title=&#8220;Weblinks&#8220; tab_id=&#8220;1498053011339-8a36d8dc-f1f4&#8243;][vc_column_text]<a href=\"https:\/\/www.musikexpress.de\/reviews\/neuschnee-okay\/\"><strong>Musikexpress<\/strong><\/a><\/p>\n<p><a href=\"http:\/\/www.deutschlandfunk.de\/die-band-neuschnee-wenn-der-zeitgeist-buh-macht.807.de.html?dram:article_id=409404\"><strong>Deutschlandfunk<\/strong><\/a><\/p>\n<p><a href=\"https:\/\/www.taz.de\/Archiv-Suche\/!5479916&amp;s=neuschnee&amp;SuchRahmen=Print\/\"><strong>TAZ<\/strong><\/a><\/p>\n<p><a href=\"https:\/\/derstandard.at\/2000072792637\/Wiener-Band-Neuschnee-Freiwillige-Selbstkontrolle-bei-der-Erbtant\"><strong>Der Standard<\/strong><\/a><\/p>\n<p><strong><a href=\"http:\/\/fm4.orf.at\/stories\/2892018\/\">Fm4<\/a><\/strong><\/p>\n<p><strong><a href=\"https:\/\/www.wienerzeitung.at\/themen_channel\/musik\/pop_rock_jazz\/944618_Statement-der-Zuversicht.html\">Wiener Zeitung<\/a><\/strong><\/p>\n<p><strong><a href=\"https:\/\/www.musicaustria.at\/neuschnee-okay\/\">Musicaustria<\/a><\/strong><\/p>\n<p><strong><a href=\"http:\/\/www.tt.com\/kultur\/musik\/13967293-91\/alternative-kammermusik-von-neuschnee.csp\">Tiroler Tageszeitung<\/a><\/strong><\/p>\n<p><strong><a href=\"https:\/\/kurier.at\/kultur\/cds-der-woche\/309.174.070\">Kurier<\/a><\/strong><\/p>\n<p>[\/vc_column_text][\/vc_tta_section][\/vc_tta_accordion][vc_column_text][\/vc_column_text][\/vc_column][\/vc_row][vc_row][vc_column][vc_empty_space][vc_separator][vc_column_text]<\/p>\n<h4>Presselinks &#8211;\u00a0Schneckenk\u00f6nig<\/h4>\n<p>[\/vc_column_text][vc_tta_accordion][vc_tta_section title=&#8220;Weblinks&#8220; tab_id=&#8220;1524045264776-260c9019-1e13&#8243;][vc_column_text]<strong><a href=\"http:\/\/fm4.orf.at\/stories\/1769291\/\">Fm4<\/a><\/strong><\/p>\n<p><strong><a href=\"http:\/\/www.tt.com\/home\/11263092-91\/ein-schneckenk%C3%B6nig-auf-sinnsuche-neuschnee-mit-neuerscheinung.csp\">Tiroler Tageszeitung<\/a><\/strong><\/p>\n<p><strong><a href=\"http:\/\/www.volume.at\/records\/album\/m11\/2148\/detail\/\">Volume<\/a><\/strong><\/p>\n<p><strong><a href=\"http:\/\/www.redbull.com\/at\/de\/music\/stories\/1331779850743\/neuschnee-schneckenkoenig-interview\">Red Bull<\/a><\/strong><\/p>\n<p><strong><a href=\"http:\/\/www.musicaustria.at\/magazin\/pop-rock-elektronik\/interviews-portraets\/es-sollte-eine-evolution-geben-hans-wagner\">Musicaustria<\/a><\/strong>[\/vc_column_text][\/vc_tta_section][\/vc_tta_accordion][vc_column_text]<\/p>\n<h4>Presseberichte &#8211; Bipolar<\/h4>\n<p>[\/vc_column_text][vc_column_text][\/vc_column_text][\/vc_column][\/vc_row][vc_row][vc_column][vc_tta_accordion][vc_tta_section title=&#8220;Christian Schachinger \/ DER STANDARD, Printausgabe, 13.1.2012&#8243; tab_id=&#8220;1448293285409-d1e115cf-f540&#8243;][vc_column_text]<span style=\"color: #333333;\">Die Wiener Band um Hans Wagner singt zwar in jenem bundesdeutschen Idiom, dessen sich auch Christina St\u00fcrmer beflei\u00dfigt. Die zwischen kammermusikalischen Streicherpopkl\u00e4ngern und Elektro-Funk angesiedelten, vertrackten und eigenbr\u00f6tlerischen St\u00fccke, etwa der &#8222;Hit&#8220; Sag mir nicht mit dem Rapper Parkw\u00e4chter Harlekin als Gast \u00fcberzeugen allerdings mit einem in \u00d6sterreich lange nicht geh\u00f6rten Alleinstellungsmerkmal: Diese Leute sind wahnsinnig.<\/span>[\/vc_column_text][\/vc_tta_section][vc_tta_section title=&#8220;Sandra Keplinger \/ Wiener, 26.12.2011&#8243; tab_id=&#8220;1448293215750-71aae92f-6b6d&#8220;][vc_column_text]<span style=\"color: #333333;\">Perfektion tut weh, denn sie ist oft trocken. Nicht so bei Neuschnee, die mit ihrem unverwechselbaren Stil den Crossover-Pop neu erfinden.<\/span><br \/>\n<span style=\"color: #333333;\"> Hans Wagner, Frontman und Gehirn der Band Neuschnee, ist zwar Deutscher, doch seine Band verk\u00f6rpert etwas Ur-\u00d6sterreichisches: Seine Musiker sind perfekt ausgebildete Klassikinstrumentalisten, die seinen Songs den unverwechselbaren Neuschnee-Charakter geben.<\/span><br \/>\n<span style=\"color: #333333;\"> Anstatt die Songs mit bombastischem Orchestersound zu hinterlegen, wie es so oft im Pop gemacht wird, gibt Wagner jedem Instrument seine eigene Stimme, seinen eigenen Platz. Das Resultat ist atemberaubend: Die Viola unterh\u00e4lt in &#8222;Kettenkarussell&#8220;, das Cello tr\u00f6pfelt in &#8222;Bodenlos&#8220;; und wie k\u00f6nnte man Aggressivit\u00e4t besser zum Ausdruck bringen, als mit hysterisch kreischenden Violinen in &#8222;Nur der Mond&#8220;. H\u00f6hepunkt des Albums ist definitv &#8222;High&#8220;, ein Song, der so ungreifbar bombastisch ist, dass man ihn kaum mit Worten zu beschreiben vermag.<\/span><br \/>\n<span style=\"color: #333333;\"> Wagner ist ein charismatischer Poet, der nicht nur sch\u00f6n-melancholische Texte schreibt, sondern auch mit viel Selbstironie die Oberfl\u00e4chlichkeiten des Alltags besingt (&#8222;Du bist nicht allein&#8220;) und zugibt, dass er seine Gitarre mit ins Bett nimmt, wenn&#8217;s ihm mal schlecht geht. Applaus!<\/span>[\/vc_column_text][\/vc_tta_section][vc_tta_section title=&#8220;Martin Zellhofer \/ The GAP&#8220; tab_id=&#8220;1448293246331-fce7c95e-d694&#8243;][vc_column_text]<span style=\"color: #333333;\">Klassisch ausgebildete Musikerinnen und Musiker kombinieren ihre Streichinstrumente mit Rock,<\/span><br \/>\n<span style=\"color: #333333;\"> Elektronik, Rap und Punk. Abgefahren!<\/span><br \/>\n<span style=\"color: #333333;\"> Eine nebens\u00e4chliche, aber schwierige Frage ist: wo einordnen? Denn zus\u00e4tzlich zu den drei \u00fcblichen Hauptverd\u00e4chtigen Gitarre, Schlagzeug und Bass und diversen anderen Instrumenten zeichnet sich die vielk\u00f6pfige Truppe um Hans Wagner durch den massiven Einsatz von Streichern aus. Violine und Viola, Cello und Geige lassen r\u00e4tseln: ist das jetzt Indie, kammersymphonisches Songwriting oder Klassik? Es ist alles. Es ist, wie die Band selbst sagt, Crossover Kammermusik \u2013 und das macht Neuschnee ziemlich einzigartig. Musikalisch teilt sich das Album in zwei H\u00e4lften. Die erste ist langsam und balladesk, gef\u00e4llig und rhythmisch oder pathetisch und melancholisch. Das ist ganz ok, aber richtig gut ist die zweite H\u00e4lfte. Denn bei den Uptempo-St\u00fccken kommt die Au\u00dfergew\u00f6hnlichkeit der Kombination besonders zur Geltung. Der Mix aus Streichern, Rock, Punk und Elektronik ergibt ungew\u00f6hnliche, spannende und wuchtige H\u00f6rerlebnisse.<\/span>[\/vc_column_text][\/vc_tta_section][vc_tta_section title=&#8220;Samir H. K\u00f6ck \/ Die Presse \u2013 Schaufenster, 22.12.2011&#8243; tab_id=&#8220;1448189215327-6191a19f-8e55&#8243;][vc_column_text]<span style=\"color: #333333;\">Dieser Neuschnee flockt in die Ohren. Was nicht hei\u00dft, dass er nicht auch aus himmlischen Sph\u00e4ren stammt. Hans Wagners abenteuerliches Musikunternehmen dieses Namens stellt die Reputation klassisch ausgebildeter Musiker im Pop wieder her. Sonst werden die Hochausgebildeteten als eine Art Humanroboter angesehen, von denen nichts zeitgen\u00f6ssisch Relevantes zu erwarten ist. Bei Neuschnee ist das radikal anders. Im Zentrum der Kombo ist ein munteres Streichquartett versteckt, das Wagners unorthodoxen Gesang h\u00f6chst flexibel kommentierend begleitet. Dazu kommt Wagners eigent\u00fcmlicher Stilmix mit Elementen aus Punk, Chanson und Hip-Hop.<\/span><\/p>\n<p><span style=\"color: #333333;\">Auf dem wahrlich manisch-depressiven Album &#8222;Bipolar&#8220; beklagt er Machinationen der Geldwirtschaft, bef\u00fcrchtet, &#8222;dass das Kapital sich lieber mit sich selbst anlegt, als uns ein Besch\u00fctzer zu sein&#8220;. Zudem spinnt der Multiinstrumentalist herrlich fragile, poetische Liebeslieder ganz ohne Kitsch: &#8222;Du bist sch\u00f6n&#8220; huldigt schiefen Z\u00e4hnen, Gr\u00fcbchen und Asymmetrie. Wagner, der eben mit dem FM-4-Hit &#8222;Hans im Gl\u00fcck&#8220; dem b\u00f6sen Homo oeconomicus den Mittelfinger gezeigt hat, gibt sich mit Neuschnee dezenter, aber nicht weniger brisant, was Kampflieder wie &#8222;Autoimmun&#8220; anschaulich demonstrieren.<\/span><br \/>\n<span style=\"color: #333333;\"> NEUSCHNEE Bipolar (Problemb\u00e4r\/Hoanzl)<\/span>[\/vc_column_text][\/vc_tta_section][vc_tta_section title=&#8220;Sebastian Fasthuber \/ Falter : Wien 49\/2011, 7.12.2011 (Seite 45)&#8220; tab_id=&#8220;1448233381949-22a3aeee-6a3c&#8220;][vc_column_text]<span style=\"color: #333333;\">Hans Wagner z\u00e4hlt zu den interessantesten K\u00f6pfen der Wiener Szene. Sowohl im Duo Das Trojanische Pferd als auch mit Neuschnee arbeitet er in der Grauzone zwischen Kammermusik und Indiepop an einer eigenen Version des deutschsprachigen Kunstlieds. Bei Neuschnee l\u00e4sst er seine poetischen Texte von einem Streichquartett begleiten. Dass diese Kombination nur selten zu Kitsch \u2013 und dann nicht zum schlechtesten \u2013f\u00fchrt, liegt an den ideenreichen, verspielten Arrangements. Man h\u00f6re den Reggaegroove von &#8222;Du bist sch\u00f6n&#8220; oder die \u00fcberraschend rockigen St\u00fccke im zweiten Teil des Albums.<\/span>[\/vc_column_text][\/vc_tta_section][vc_tta_section title=&#8220;Andreas Gstettner \/ FM 4-Soundpark, 20.11.2011&#8243; tab_id=&#8220;1448189216901-ced90d71-ca42&#8243;][vc_column_text]<\/p>\n<p align=\"left\"><span style=\"color: #333333;\">Leben zwischen den Polen<\/span><\/p>\n<p align=\"left\"><span style=\"color: #333333;\">Hans Wagner dampft gerne in allen Gassen. Der ausgebildete Cellist spielt bei Das Trojanische Pferd an der Seite von Hubert Weinheimer, produziert andere K\u00fcnstler wie den Parkw\u00e4chter Harlekin und versucht sich mit Couch Records-Chef Vlado dZihan als Hans Im Gl\u00fcck (von dem wir Anfang n\u00e4chsten Jahres ein feines Deb\u00fct Album erwarten k\u00f6nnen).<\/span><\/p>\n<p align=\"left\"><span style=\"color: #333333;\">Seine ganze Erfahrung und sein ganzes K\u00f6nnen flossen in letzter Zeit jedoch in das sechsk\u00f6pfige Bandprojekt Neuschnee. Das Ergebnis hei\u00dft &#8222;Bipolar&#8220;, ein zwischen den Polen der Extreme oszillierendes Werk. Stilistisch pendelt Hans Wagner zwischen kammermusikalischem Singer\/Songwritertum, das mit seinem Streichquartett auch Elemente der Klassik auf ganz selbstverst\u00e4ndliche Art integriert, und eckigem, rotzig frechem Rock, dem zweiten Genre-Epizentrum der Platte.<\/span><\/p>\n<p align=\"left\"><span style=\"color: #333333;\">Das zweite Neuschnee-Album &#8222;Bipolar&#8220; Problemb\u00e4r Records erschienen.<\/span><\/p>\n<p align=\"left\"><span style=\"color: #333333;\">W\u00e4hrend Hans Wagner auf &#8222;Hyperaktiv&#8220; zu verzerrten Saiteninstrumenten komplett restfett \u00fcber Fettresten hinfortstolpert, stellt er sich in der zarten Ballade &#8222;Wolfsmilch&#8220; den gro\u00dfen Lebensfragen. Denn ohne im Licht der Selbstreflexion Verantwortung zu \u00fcbernehmen, ist keine Entwicklung m\u00f6glich. Und genau das zeichnet den eigenwilligen und gro\u00dfartigen Musiker aus, der den Mut besitzt, uns daran teilhaben zu lassen, wie er sich seinen Lebensaufgaben stellt.<\/span><\/p>\n<p align=\"left\"><span style=\"color: #333333;\">Neuschnee haben ihren ganz eigenen Blick auf die Welt. Da werden nicht die Supermodels besungen, sondern der schiefe Zahn und das Gr\u00fcbchen. F\u00fcr Hans die &#8222;wahre&#8220; Sch\u00f6nheit, die ihn gl\u00fccklich macht. Unsere Narben und unsere grunds\u00e4tzliche Asymmetrie werden nicht versteckt oder gar versucht wegzuretuschieren, sondern ausgiebig gefeiert, da sie uns zu dem machen, was wir sind.<\/span><\/p>\n<p align=\"left\"><span style=\"color: #333333;\">Zornig wird der in Berlin aufgewachsenen Poet nur dann, wenn es darum geht, sich die Ungerechtigkeiten und die Ohnmacht von der Seele zu schreiben. Hans Wagner hat es geschafft, seine ganz eigene Bildsprache zu kreieren, um damit etwa zum Schlag gegen die Verursacher der Wirtschaftskrise auszuholen. Kraftvoll und zielsicher wird der zum Beispiel in &#8222;Du bist nicht allein&#8220; ausgef\u00fchrt. Mit Rage Against The Machine-\u00e4hnlicher Songstruktur, krachenden Streichern und brachialem Schlagwerk schafft Hans nicht nur ein witziges und zugleich ernsthaftes Szenario im Kopf, sondern dar\u00fcber hinaus auch noch einen perfekten Ohrwurm.<\/span><\/p>\n<p align=\"left\"><span style=\"color: #333333;\">Hans Wagner steht uns heute in einer ausf\u00fchrlichen Listening Session Rede und Antwort zu dem wirklich gro\u00dfen Musik- und Themenuniversum von &#8222;Bipolar&#8220;. Da darf dann auch schon mal lebensphilosophisch <em>herumgeschwurbelt<\/em> werden, wie es der K\u00fcnstler selbst gerne ausdr\u00fcckt.<\/span><\/p>\n<p>[\/vc_column_text][\/vc_tta_section][vc_tta_section title=&#8220;Michael Ternai \/ MICA, 30.09.2011&#8243; tab_id=&#8220;1448189217656-a655ddb1-2dca&#8220;][vc_column_text]<span style=\"color: #333333;\">Dass Popmusik nicht immer den \u00fcblichen und bereits tausend Mal geh\u00f6rten Formaten entsprechen muss, sondern sehr wohl auch einmal erfrischend anders und ungemein abwechslungsreich erklingen kann, beweisen Neuschee auf ihrem neuen Album &#8222;Bipolar&#8220; (Problemb\u00e4r Records) auf sehr eindrucksvolle Art und Weise. Was die sechsk\u00f6pfige Band rund um den Songschreiber und Multiinstrumentalisten Hans Wagner auf den Weg bringt, ist, in wenigen Worten zusammengefasst, eine spannende kammermusikalische Variante des Indiepop, wobei schon diese Zuschreibung nat\u00fcrlich eine viel zu enge ist.<\/span><\/p>\n<p><span style=\"color: #333333;\">Der Titel des Albums ist in diesem Fall wirklich w\u00f6rtlich zu nehmen. Neuschnee, die ja schon auf ihrem Deb\u00fct &#8222;Wegweiser&#8220; gezeigt haben, dass sie gewillt sind, andere Wege einzuschlagen, pr\u00e4sentieren sich auf ihrem Zweitlingswerk erneut als eine Formation, die sich in ihrem Tun unbeirrbar zeigt. Welche Band leistet sich schon die Freiheit, ein Album abzuliefern, auf dem Stilbr\u00fcche mit einer Konsequenz umgesetzt werden, dass es eine wahre Freude ist. Hans Wagner, der unter anderem auch bei Das trojanische Pferd seine Finger mit im Spiel hat, und seine KollegInnen konfrontieren den\/die H\u00f6rerin mit zwei vollkommen entgegengesetzten musikalischen Ans\u00e4tzen, die trotz ihrer Unterschiedlichkeit letztlich aber dann doch ein logisches Ganzes ergeben.<\/span><br \/>\n<span style=\"color: #333333;\"> &#8222;Bipolar&#8220; kommt einer Art Klangreise gleich, welche in ruhigeren Gefilden beginnt, von Song zu Song aber stetig an Intensit\u00e4t gewinnt und in einem musikalisch sehr vielschichtigen und heftigen Soundgewitter endet. Stehen auf der ersten H\u00e4lfte des Albums noch eher kammermusikalische Klanggebilde im Vordergrund, sind es am Ende rockige, ja fast schon dem Heavy Metal entlehnte Elemente, die den Ton angeben. Zwischen diesen beiden Polen wandelt die sechsk\u00f6pfige Truppe unbeirrt hin und her, begibt sich mal in die Welt des Jazz, mal in jene des Folk, um im n\u00e4chsten Moment in den Bereich des Elektropop zu landen. Cinematic Orchestra, trifft auf Muse, Radiohead und Black Sabbath. Zusammengehalten wird alles durch den zwischen gro\u00dfem Gef\u00fchl und l\u00e4ssiger Rockattit\u00fcde pendelnden Gesang von Mastermind Hans Wagner, der durch seine Stimme den insgesamt 13 Songs zus\u00e4tzlichen Charakter verleiht.<\/span><\/p>\n<p><span style=\"color: #333333;\">Die sechsk\u00f6pfige Truppe Neuschnee ist ein weiteres eindrucksvolles Beispiel daf\u00fcr, dass auch hierzulande talentierte und viel versprechende Musiker\/Innen mit einem enormen Potential am Werken sind, die es verstehen, hervorragende Songs zu schreiben und ihr Publikum zu begeistern wissen. Wer also abwechslungsreiche und vielschichtige Popmusik zu sch\u00e4tzen wei\u00df, sollte diesem Album auf jeden Fall Geh\u00f6r schenken.<\/span>[\/vc_column_text][\/vc_tta_section][vc_tta_section title=&#8220;Sarah L. \/ Indie Blogger, 06.09.2011&#8243; tab_id=&#8220;1448189218392-43ad79ce-a1f3&#8243;][vc_column_text]<span style=\"color: #333333;\">Wie? Noch nie was von Neuschnee geh\u00f6rt? Dann mag das eventuell daran liegen, dass die Lieben nach eigener Aussage \u201emehr underground sind als die U-Bahn\u201c. Doch dem wird nun ein Ende gesetzt!<\/span><\/p>\n<p><span style=\"color: #333333;\">Am 11. November geht ihr Album \u201eBipolar\u201c via Problemb\u00e4r Records raus. Es beheimatet 13 Titel und hat den Namen Bipolar tats\u00e4chlich verdient. Die erste H\u00e4lfte der Songs sind nachdenkliche Streicherballaden mit einem Hauch Melancholie, gezuckert mit typischen Neuschnee-Lyrics. Der als Vorab-Single ver\u00f6ffentlichte Song \u201eSag mir nicht (feat. Parkw\u00e4chter Harlekin)\u201d teilt das Album und l\u00e4sst mehr rhythmischen Tanzbeat mit expressivelektronischen Einfl\u00fcssen folgen.<\/span><\/p>\n<p><span style=\"color: #333333;\">Ein Bonbon f\u00fcr Wiener und Wahl-Wiener:<\/span><\/p>\n<p><span style=\"color: #333333;\">Am 14. Dezember findet die Releaseparty in der Garage X statt.<\/span><\/p>\n<p><span style=\"color: #333333;\">Top! Top! Top!<\/span>[\/vc_column_text][\/vc_tta_section][\/vc_tta_accordion][\/vc_column][\/vc_row]<\/p>\n<\/div>","protected":false},"excerpt":{"rendered":"<p>[vc_row][vc_column width=&#8220;1\/2&#8243;][vc_btn title=&#8220;BandPics &#8211; Neuschnee (ZIP, 34MB)&#8220; style=&#8220;classic&#8220; shape=&#8220;square&#8220; color=&#8220;black&#8220; size=&#8220;sm&#8220; link=&#8220;url:http%3A%2F%2Fneuschneemusik.org%2Fw%2Fwp-content%2Fuploads%2F2018%2F02%2FBand-Pics-2018.zip|title:BandPics%20Neuschnee|&#8220;][\/vc_column][vc_column width=&#8220;1\/2&#8243;][vc_btn title=&#8220;Stage Rider with Drums (PDF, 2MB)&#8220; style=&#8220;classic&#8220; shape=&#8220;square&#8220; color=&#8220;black&#8220; size=&#8220;sm&#8220; link=&#8220;url:http%3A%2F%2Fneuschneemusik.org%2Fw%2Fwp-content%2Fuploads%2F2018%2F02%2FNeuschnee-Rider-2018.pdf||&#8220;][vc_btn title=&#8220;Stage Rider without Drums (PDF, 1MB)&#8220; style=&#8220;classic&#8220; shape=&#8220;square&#8220; color=&#8220;black&#8220; size=&#8220;sm&#8220; link=&#8220;url:http%3A%2F%2Fneuschneemusik.org%2Fw%2Fwp-content%2Fuploads%2F2018%2F02%2FNeuschnee-Rider-2018-ohne-Drums.pdf||&#8220;][vc_btn title=&#8220;Logo package (ZIP, 1,5 MB)&#8220; style=&#8220;classic&#8220; shape=&#8220;square&#8220; color=&#8220;black&#8220; size=&#8220;sm&#8220; link=&#8220;url:https%3A%2F%2Fneuschneemusik.org%2Fw%2Fwp-content%2Fuploads%2F2018%2F11%2FLogo-package.zip||&#8220;][vc_column_text][\/vc_column_text][\/vc_column][\/vc_row][vc_row][vc_column][vc_empty_space][vc_separator][vc_column_text] Presselinks &#8211;\u00a0Okay [\/vc_column_text][vc_tta_accordion][vc_tta_section title=&#8220;Weblinks&#8220; tab_id=&#8220;1498053011339-8a36d8dc-f1f4&#8243;][vc_column_text]Musikexpress Deutschlandfunk TAZ Der Standard Fm4<\/p>\n<div class=\"text-left\"><a href=\"https:\/\/neuschneemusik.org\/?page_id=1995\" class=\"link-more\">Read More<\/a><\/div>\n","protected":false},"author":1,"featured_media":0,"parent":0,"menu_order":0,"comment_status":"closed","ping_status":"closed","template":"","meta":{"footnotes":""},"_links":{"self":[{"href":"https:\/\/neuschneemusik.org\/index.php?rest_route=\/wp\/v2\/pages\/1995"}],"collection":[{"href":"https:\/\/neuschneemusik.org\/index.php?rest_route=\/wp\/v2\/pages"}],"about":[{"href":"https:\/\/neuschneemusik.org\/index.php?rest_route=\/wp\/v2\/types\/page"}],"author":[{"embeddable":true,"href":"https:\/\/neuschneemusik.org\/index.php?rest_route=\/wp\/v2\/users\/1"}],"replies":[{"embeddable":true,"href":"https:\/\/neuschneemusik.org\/index.php?rest_route=%2Fwp%2Fv2%2Fcomments&post=1995"}],"version-history":[{"count":64,"href":"https:\/\/neuschneemusik.org\/index.php?rest_route=\/wp\/v2\/pages\/1995\/revisions"}],"predecessor-version":[{"id":2535,"href":"https:\/\/neuschneemusik.org\/index.php?rest_route=\/wp\/v2\/pages\/1995\/revisions\/2535"}],"wp:attachment":[{"href":"https:\/\/neuschneemusik.org\/index.php?rest_route=%2Fwp%2Fv2%2Fmedia&parent=1995"}],"curies":[{"name":"wp","href":"https:\/\/api.w.org\/{rel}","templated":true}]}}