{"id":2040,"date":"2015-11-18T20:37:32","date_gmt":"2015-11-18T19:37:32","guid":{"rendered":"http:\/\/neuschneemusik.org\/w\/?page_id=2040"},"modified":"2023-12-22T08:29:10","modified_gmt":"2023-12-22T07:29:10","slug":"musik","status":"publish","type":"page","link":"https:\/\/neuschneemusik.org\/?page_id=2040","title":{"rendered":"Musik"},"content":{"rendered":"<div class=\"wpb-content-wrapper\"><p>[vc_row][vc_column width=&#8220;1\/2&#8243;][vc_single_image image=\u201e2661\u201c img_size=&#8220;450&#215;450&#8243;][\/vc_column][vc_column width=&#8220;1\/2&#8243;][vc_custom_heading text=\u201eDer_L\u00e4rm_der_Welt\u201c google_fonts=&#8220;font_family:Montserrat%3Aregular%2C700|font_style:400%20regular%3A400%3Anormal&#8220;][vc_btn title=&#8220;LP kaufen &#8220; style=&#8220;flat&#8220; shape=&#8220;square&#8220; color=&#8220;danger&#8220; size=&#8220;sm&#8220; i_icon_fontawesome=&#8220;fa fa-music&#8220; add_icon=&#8220;true&#8220; link=&#8220;url:http%3A%2F%2Fneuschneemusik.org%2F%3Fproduct%3dder-laerm-der-welt-lp|title:Shop%20|target:%20_blank&#8220;][vc_btn title=&#8220;CD kaufen&#8220; style=&#8220;flat&#8220; shape=&#8220;square&#8220; color=&#8220;success&#8220; size=&#8220;sm&#8220; i_icon_fontawesome=&#8220;fa fa-music&#8220; add_icon=&#8220;true&#8220; link=&#8220;url:http%3A%2F%2Fneuschneemusik.org%2F%3Fproduct%3dder-laerm-der-welt-cd|title:Shop|target:%20_blank&#8220;][vc_column_text]<iframe loading=\"lazy\" style=\"border-radius: 12px;\" src=\"https:\/\/open.spotify.com\/embed\/album\/19PYYE1gaB8VnXM3AN0k1r?utm_source=generator&amp;theme=0\" width=\"300\" height=\"\u201e80\u201c\" frameborder=\"0\"><\/iframe>[\/vc_column_text][vc_column_text]<\/p>\n<h6>\u2117 2023 LasVegas Records\u2028<br \/>\nrelease date: 20.10.2023 (LP, CD, digital)\u2028<br \/>\ndistribution: Believe Music \/ Hoanzl<\/h6>\n<p>[\/vc_column_text][\/vc_column][vc_column][vc_empty_space height=&#8220;22px&#8220;][vc_column_text] &#8222;Der L\u00e4rm der Welt&#8220; ist Neuschnees letztes Album.<br \/>\n&#8222;Die Produktion dieses Albums hat viel Kraft, Zeit und Ressourcen verschlungen. Ich bin an einem Scheideweg und kann nicht versprechen, dass es noch einmal so ein Album geben wird. Neuschnee wird es aber sicher weiterhin in einer anderen Form geben&#8220;, erkl\u00e4rt Hans Wagner, Kopf der Band.<br \/>\nUnd Hans Wagner will sich mit nicht weniger als einem Meisterwerk verabschieden.<\/p>\n<p>Im vierten Titel WAS NOCH M\u00d6GLICH IST hei\u00dft es kryptisch: \u201eDie Ewigkeit ist lange, besonders gegen Ende hin. Manchmal k\u00fcsst sie deine Wange und fl\u00fcstert, das macht alles Sinn\u201c.<br \/>\nWitz und Poesie, Wortspiele machen die harten Realit\u00e4ten annehmbar, ohne sie zu besch\u00f6nigen. Die Mechanismen des Musikgesch\u00e4ftes und dessen Aufmerksamkeits\u00f6konomie liefern dazu einigen Stoff: \u201eIn der Show singt die alleinerziehende Mutter, viel Emotionen, viel Applaus &#8211; Die Jury lobt \u201eMusik kennt ja kein Alter\u201c und dann fliegt sie raus\u201c (ALLES SCHWIMMT DAVON). Aber auch das Leben an sich, das selten nach Plan l\u00e4uft: \u201eH\u00f6r, das Herz ist auch kein Metronom \/ Es stolpert mal hinterher, mal nach vorn \/ Nicht umsonst, manchmal vielleicht vergebens \/ Aber immer im Rhythmus des Lebens\u201c (METRONOM). In SCHATTENKIND tanzt das innere Kind durch seine eigene Welt \u2013 als \u201eSchiff ohne Kompass\u201c als \u201eKrieger\u201c als \u201eleuchtender Stern\u201c: \u201eManchmal bin ich w\u00fctend, aber eigentlich gekr\u00e4nkt\u201c \u2013 es sind im Prinzip einfache S\u00e4tze wie diese, die das allzu-menschliche greifbar machen. Hans Wagner, der nicht nur das Herz anatomisch gesehen auf der falschen Seite hat, tr\u00e4gt seine Blutpumpe auf der Zunge und braucht sich auch 2023 nicht hinter Ironie zu verstecken. In U-BOOT funktioniert der Text subtiler: \u201eSozialer Stress und stille Konkurrenz\u201c reimen sich auf \u201eCopy Paste Friends\u201c, und damit ist alles klar.<\/p>\n<p>Die Musik umspielt die Texte dabei so elegant, als w\u00e4re das Streichquartett im Pop das Normalste der Welt. Feine Grooves, effektierter E-Bass und verspielte Vintage Synthesizer erweitern diese Klangwelt in Richtung Vertr\u00e4umtheit und Melancholie. Selten brausen die Streicher auch rockig auf wie fr\u00fcher (FEUER IN MIR, AUF HOHER SEE).<\/p>\n<p>Das gro\u00dfe Finale ist schlie\u00dflich die Live-Aufnahme eines Auftragswerks f\u00fcr Band und Orchester, das 2019 am Kammermusik Festival in Graz uraufgef\u00fchrt wurde. Es realisiert die Idee eines sinfonischen Popliedes &#8211; ein Kindheitstraum Hans Wagners. Musikalisch gesehen sowohl mit Raum f\u00fcr Improvisationen als auch kompositorisch durchdacht, setzt es sich mit dem Thema Sterben auseinander als thematische Fu\u00dfnote zum damaligen Anlass des Konzertes: Eine Benefizveranstaltung f\u00fcr ein Hospiz. W\u00e4hrend sich das Orchester spiralf\u00f6rmig nach oben schraubt, endet es schlie\u00dflich mit dem \u00dcbergang vom Diesseits ins Jenseits: \u201eDas Licht mit g\u00fctigen Augen fragt: Bist du jetzt soweit? Und verstr\u00f6mt das, was wir alle brauchen k\u00f6nnen: Ewige Geborgenheit\u201c.[\/vc_column_text][vc_separator css=&#8220;.vc_custom_1447878210016{padding-top: 40px !important;padding-bottom: 40px !important;}&#8220;][\/vc_column][\/vc_row]<\/p>\n\n\n<p>[vc_row][vc_column width=&#8220;1\/2&#8243;][vc_single_image image=&#8220;2405&#8243; img_size=&#8220;450&#215;450&#8243;][\/vc_column][vc_column width=&#8220;1\/2&#8243;][vc_custom_heading text=&#8220;Okay&#8220; google_fonts=&#8220;font_family:Montserrat%3Aregular%2C700|font_style:400%20regular%3A400%3Anormal&#8220;][vc_btn title=&#8220;LP kaufen &#8220; style=&#8220;flat&#8220; shape=&#8220;square&#8220; color=&#8220;danger&#8220; size=&#8220;sm&#8220; i_icon_fontawesome=&#8220;fa fa-music&#8220; add_icon=&#8220;true&#8220; link=&#8220;url:http%3A%2F%2Fneuschneemusik.org%2F%3Fproduct%3Dokay-lp|title:Shop%20|target:%20_blank&#8220;][vc_btn title=&#8220;CD kaufen&#8220; style=&#8220;flat&#8220; shape=&#8220;square&#8220; color=&#8220;success&#8220; size=&#8220;sm&#8220; i_icon_fontawesome=&#8220;fa fa-music&#8220; add_icon=&#8220;true&#8220; link=&#8220;url:http%3A%2F%2Fneuschneemusik.org%2F%3Fproduct%3Dokay-cd|title:Shop|target:%20_blank&#8220;][vc_column_text]<iframe loading=\"lazy\" src=\"https:\/\/open.spotify.com\/embed?uri=spotify:album:2583WOd0ulBrptq1dmdMau\" width=\"300\" height=\"80\" frameborder=\"0\"><\/iframe>[\/vc_column_text][vc_column_text]<\/p>\n<h6>\u2117 2018 Problemb\u00e4r Records [PB074]<br \/>\nrelease date: 02.2. 2018 (LP, CD, digital)<br \/>\ndistribution: Rough Trade<br \/>\nProblemb\u00e4r Records is a division of Seayou Entertainment<\/h6>\n<p>[\/vc_column_text][\/vc_column][vc_column][vc_empty_space height=&#8220;22px&#8220;][vc_column_text]<b>2008 waren Neuschnee das erste Signing auf Problemb\u00e4r Records. Zehn Jahre sp\u00e4ter erscheint jetzt mit OKAY ihr facettenreichstes und zuversichtlistes Werk bisher. War die Reise des &#8222;Schneckenk\u00f6nigs&#8220; auf Album Nr. 3 ein d\u00fcsteres, philosophisches Popm\u00e4rchen, so ist das neue Album sehr pr\u00e4sent und affirmativ. Man k\u00f6nnte auch sagen: Der talentierte Mr. Wagner ist gelandet.<\/b><\/p>\n<p>OKAY durchmisst in nur 7 Liedern und ziemlich genau 30 Minuten einen samtig-druckvollen Musikkosmos in dem Weltschmerz auf sexy Grooves trifft und sich verspielter Opulenz und lupenreine Finesse nicht im Weg stehen. Eklektizismus, Wahnsinn &amp; Katharsis &#8211; und dazwischen immer wieder mal eine Portion Kapitalismuskritik.<\/p>\n<p>Mastermind Hans Wagner hat in den vergangen 10 Jahren in den verschiedensten Konstellationen den Klang dieser Stadt ma\u00dfgeblich beeinflusst. Sei es als Gr\u00fcndungsmitglied vom Trojanischen Pferd oder im Partymodus als &#8222;Hans im Gl\u00fcck\u201c oder wegen seiner Streicher-Arrangements f\u00fcr Velojet,&nbsp; sowie als Theatermusiker auf den gro\u00dfen und kleinen B\u00fchnen dieser Stadt.<i> <\/i>In OKAYgreift er alle bisherigen musikalischen Phasen von Neuschnee auf und setzt jeweils noch eins drauf &#8211; von den schuberthaften Anf\u00e4ngen der Band bis zu den beatlastigen Einsprengseln. Alles klingt diesmal noch mehr nach&#8230; Neuschnee. Organischer, frischer aber auch entspannter.<\/p>\n<p>Der Opener &#8222;Der Zeitgeist macht Buh&#8220; ist f\u00fcr Neuschnee-Verh\u00e4ltnisse ungew\u00f6hnlich reduziert, begr\u00fc\u00dft einen mit Roboterstimme: \u201eWas ist nur Gef\u00fchl und was ist real\u201c und \u201cWer ist die Made und wem geh\u00f6rt der Speck? Die Maschinen die wir selben bauen, nehmen uns die Arbeit weg.&#8220; Das ist mehr als ein Lied, es ist ein kleines Manifest und es endet mit dem Mantra: &#8222;Es ist nie zu sp\u00e4t f\u00fcr ein bisschen mehr Solidarit\u00e4t&#8220;. Dort kn\u00fcpft dann gleich &#8222;It&#8217;s okay to feel lost&#8220; an und verpasst uns einen &#8211; gro\u00dfteils englischsprachigen &#8211; Schulterklopfer. In &#8222;Stadtrandkind&#8220; geht es um Wagners Kindheit in Berlin (genauer: Marienfelde). Man sieht H\u00e4nschen Klein an der Bushaltestelle kiffen und im Bandraum des Jugendzentrums &#8222;zeigen was man noch nicht kann&#8220; &#8211; dabei wird automatisch in die eigene Kindheit zur\u00fcckversetzt. &#8222;Dasselbe Lied&#8220; erinnert uns daran, dass 90% aller Musik von Liebe oder dem Verlust derselben handeln, w\u00e4hrend dieses Lied zu den \u00fcbrigen 10% geh\u00f6rt, die denselben Sachverhalt auf der Metaebene verhandeln \ud83d\ude09<\/p>\n<p>&#8222;Umami&#8220; erschien bereits als Vorab-Single. Neuschnees erster englischer Streich &#8211; gemeinsam mit Pippa und der gelungenen Beweisf\u00fchrung dass Essen und k\u00f6rperliche Liebe viel gemeinsam haben k\u00f6nnen. &#8222;Denkmal aus Glas&#8220; schlie\u00dft den Kreis zu den Anf\u00e4ngen der Band: Gitarre, Gesang und Streichquartett. Ein ebenso verspieltes wie durchdachtes Lied. Eine Zw\u00f6lftonreihe ist in die Musik wie auch den Text eingewoben: \u201eZw\u00f6lf T\u00f6ne spielen\u2026\u201c Im&nbsp; Refrain hei\u00dft es dann: \u201eErinnerung klebt und Geld flie\u00dft schnell. Das Leben ist kein Musical.&#8220; Tatsache. Vielleicht das sch\u00f6nste Lied des Albums &#8211; w\u00e4re da nicht &#8222;Lass uns leben&#8220;, der kr\u00f6nende Abschluss des Albums, das uns mit dem wohligen Gef\u00fchl entl\u00e4sst &#8222;Vertraue meiner Unzul\u00e4nglichkeit, w\u00e4hrend der Dichter sch\u00f6ne Worte&#8230; ver-spricht!&#8220;. Ein zeitloses St\u00fcck Musik.[\/vc_column_text][vc_separator css=&#8220;.vc_custom_1447878210016{padding-top: 40px !important;padding-bottom: 40px !important;}&#8220;][\/vc_column][\/vc_row]<\/p>\n\n\n<p>[vc_row][vc_column width=&#8220;1\/2&#8243;][vc_single_image image=&#8220;2085&#8243; img_size=&#8220;450&#215;450&#8243;][\/vc_column][vc_column width=&#8220;1\/2&#8243;][vc_custom_heading text=&#8220;Schneckenk\u00f6nig&#8220; google_fonts=&#8220;font_family:Montserrat%3Aregular%2C700|font_style:400%20regular%3A400%3Anormal&#8220;][vc_btn title=&#8220;LP kaufen&#8220; style=&#8220;flat&#8220; shape=&#8220;square&#8220; color=&#8220;danger&#8220; size=&#8220;sm&#8220; i_icon_fontawesome=&#8220;fa fa-music&#8220; add_icon=&#8220;true&#8220; link=&#8220;url:http%3A%2F%2Fneuschneemusik.org%2Fw%2F%3Fproduct%3Dschneckenkoenig-lp||&#8220;][vc_btn title=&#8220;CD kaufen&#8220; style=&#8220;flat&#8220; shape=&#8220;square&#8220; color=&#8220;success&#8220; size=&#8220;sm&#8220; i_icon_fontawesome=&#8220;fa fa-music&#8220; add_icon=&#8220;true&#8220; link=&#8220;url:http%3A%2F%2Fneuschneemusik.org%2F%3Fproduct%3Dschneckenkoenig||&#8220;]<br \/>\n<iframe loading=\"lazy\" src=\"https:\/\/open.spotify.com\/embed?uri=spotify:album:5JUcePAPJKnh8UNH2r7efV\" width=\"300\" height=\"80\" frameborder=\"0\"><\/iframe><\/p>\n<p>[vc_column_text]<\/p>\n<h6>\u2117 2016 Problemb\u00e4r Records [PB045]<br \/>\nrelease date: 08.4. 2016 (LP, CD, digital)<br \/>\ndistribution: Rough Trade<br \/>\nProblemb\u00e4r Records is a division of Seayou Entertainment<\/h6>\n<p>[\/vc_column_text][\/vc_column][vc_column][vc_empty_space height=&#8220;22px&#8220;][vc_column_text]Das Album \u201eSchneckenk\u00f6nig\u201c der Wiener Band Neuschnee ist ein wundersames Popm\u00e4rchen und eine Metapher f\u00fcr den Um- und Aufbruch im Leben eines Menschen. Es beschreibt die Reise eines rastlosen K\u00f6nigs durch sein aus dem Gleichgewicht geratenes Reich. Sie beginnt im irdischen \u201eHotel zum Paradies\u201c in einem der kleinen Zimmer mit gro\u00dfer Aussicht und endet in den gro\u00dfen Weiten des Universums. Auf der Suche nach der Antwort auf die Frage, ob \u201enicht Sinn sondern Bewegung \u00fcber allem thront\u201c, trifft er unterwegs auf andere rastlose Gestalten, deren Geschichen ihm neue Hoffnung geben.<\/p>\n<p>Dort, wo diese Geschichten auf die Musik von Neuschnee treffen, verschmelzen auf \u201eSchneckenk\u00f6nig\u201c Text und Musik, Inhalt und Form zu einer Synthese, die einen Schritt \u00fcber die traditionell eng geschn\u00fcrten Grenzen des Popsong-Formats hinausgeht. Dieses l\u00e4sst die Band immer st\u00e4rker hinter sich und so entwickeln sich die St\u00fccke des dritten Albums ganz organisch hin zu Kompositionen, ohne dabei auf eing\u00e4ngige Melodien und musikalische Zug\u00e4nglichkeit zu verzichten. Das Album ist schon beim ersten H\u00f6ren greifbar, erlaubt aber auch nach mehrmaligem H\u00f6ren noch \u00fcberraschende, neue Details zu entdecken.<br \/>\nVielschichtig, detailreich, und doch schwebend und leicht zugleich \u2013 wie frisch gefallener Schnee.<br \/>\nStilistisch werden die Lieder in verschiedenste musikalische Gew\u00e4nder gekleidet: Es trifft Elektro auf Kammermusik (Schneckenk\u00f6nig, Blatt im Wind), auf Rock (Des Kaisers neue Kleider, das gro\u00dfe Vielleicht), auf Ballade (Nimm mich mit, wenn du gehst, Seemann ohne Schiff), auf Klassik (La Folia, Planeten). Zusammengehalten und bestimmt wird die Musik dabei durch den Gesang, die Texte und den charakteristischen Klang der Streicher.<\/p>\n<p>Auf seinem Weg erkennt der K\u00f6nig schon bald, dass Gl\u00fcck kein \u00e4u\u00dferes Ziel, sondern ein innerer Zustand ist &#8211; und damit vor allem eine Frage der Einstellung. Wenn er also am Ende seiner langen Reise im Weltall ankommt und das letzte St\u00fcck des Albums mit Chor, Bl\u00e4sern und orchestralen Streichern episch ausklingt, wird klar: Schmerz und Freude sind auf einer tieferen Ebene miteinander verwoben und diese Erkenntnis beunruhigt nicht nur, nein, sie macht auch Sinn \u2013 und sie tr\u00f6stet, ungemein.<br \/>\nDas Album markiert eine sehr pr\u00e4gende Zeit im Leben des S\u00e4ngers.<br \/>\nAls Erinnerung daran (und als tats\u00e4chlicher Hinweis f\u00fcr \u00c4rzte, dass die inneren Organe spiegelverkehrt liegen) hat er sich die medizinische Bedeutung des Wortes Schneckenk\u00f6nig \u201eSitus Inversus\u201c in seine Haut stechen lassen.<\/p>\n<p>And when you leave the orbit<br \/>\nPlease don\u2019t hide your face<br \/>\nCause after all, after all<br \/>\nTears don\u2019t fall in space[\/vc_column_text][\/vc_column][\/vc_row]<\/p>\n\n\n\n<p>[vc_row][vc_column][vc_separator css=&#8220;.vc_custom_1447878210016{padding-top: 40px !important;padding-bottom: 40px !important;}&#8220;][\/vc_column][\/vc_row]<\/p>\n\n\n<p>[vc_row][vc_column width=&#8220;1\/2&#8243;][vc_raw_html]JTNDaWZyYW1lJTIwd2lkdGglM0QlMjIxMDAlMjUlMjIlMjBoZWlnaHQlM0QlMjI0NTAlMjIlMjBzY3JvbGxpbmclM0QlMjJubyUyMiUyMGZyYW1lYm9yZGVyJTNEJTIybm8lMjIlMjBzcmMlM0QlMjJodHRwcyUzQSUyRiUyRncuc291bmRjbG91ZC5jb20lMkZwbGF5ZXIlMkYlM0Z1cmwlM0RodHRwcyUyNTNBJTJGJTJGYXBpLnNvdW5kY2xvdWQuY29tJTJGcGxheWxpc3RzJTJGMzkyMTQ5ODElMjZhbXAlM0JhdXRvX3BsYXklM0RmYWxzZSUyNmFtcCUzQmhpZGVfcmVsYXRlZCUzRGZhbHNlJTI2YW1wJTNCc2hvd19jb21tZW50cyUzRHRydWUlMjZhbXAlM0JzaG93X3VzZXIlM0R0cnVlJTI2YW1wJTNCc2hvd19yZXBvc3RzJTNEZmFsc2UlMjZhbXAlM0J2aXN1YWwlM0R0cnVlJTIyJTNFJTNDJTJGaWZyYW1lJTNF[\/vc_raw_html][\/vc_column][vc_column width=&#8220;1\/2&#8243;][vc_custom_heading text=&#8220;Bipolar&#8220; google_fonts=&#8220;font_family:Montserrat%3Aregular%2C700|font_style:400%20regular%3A400%3Anormal&#8220;][vc_btn title=&#8220;CD kaufen&#8220; style=&#8220;flat&#8220; shape=&#8220;square&#8220; color=&#8220;danger&#8220; size=&#8220;sm&#8220; i_icon_fontawesome=&#8220;fa fa-music&#8220; add_icon=&#8220;true&#8220; link=&#8220;url:http%3A%2F%2Fneuschneemusik.org%2Fw%2F%3Fproduct%3Dbipolar||&#8220;][vc_column_text]<br \/>\n<iframe loading=\"lazy\" src=\"https:\/\/open.spotify.com\/embed?uri=spotify:album:7cosgB30gw5pMt9xp5NR1z?si=OinRAPjKQaeqyoMzRY9-rg\" width=\"300\" height=\"80\" frameborder=\"0\"><\/iframe><\/p>\n<h6>\u2117 2011 Problemb\u00e4r Records [PB019]<\/h6>\n<p>[\/vc_column_text][\/vc_column][vc_column][vc_empty_space height=&#8220;22px&#8220;][vc_column_text]Ein Album, das Grenzen auslotet und Befindlichkeiten neu dekliniert, weil es Worte in die Hand nimmt, die so noch nicht gesagt worden sind. Introversion trifft auf Extroversion, d\u00fcnne Haut auf dicke Lippe. Ein Album, das sich traut an Messers Schneide zu spazieren und mit einer hierzulande nie dagewesenen Leichtigkeit musikalische Grenzen sprengt. Klassik, Indie, elektronische Musik und auch Hiphop (Zu Gast: Parkw\u00e4chter Harlekin) werden nahtlos aneinander gereiht.<\/p>\n<p>Das Album ist \u2013 wie schon Titel und Artwork zu erkennen geben \u2013 in zwei H\u00e4lften gegliedert. Es beginnt mit Neuschnee, wie man sie vom ersten Album kennt: aufgew\u00fchlte Streicherballaden, bei denen jedes Gramm Schmalz mit einem scharfen Wort austariert wird. Wie beim hitverd\u00e4chtigen Opener \u201eKettenkarussell\u201c arbeitet Wagner dabei sehr oft mit widerspr\u00fcchlichen Bildern: \u201eflieg \u2013 soweit dich die Kette tr\u00e4gt\u201c. \u201eDu bist sch\u00f6n\u201c hingegen ist ein lupenreiner Lovesong, der keine Zwischent\u00f6ne kennt. Ab \u201eSag mir nicht (feat. Parkw\u00e4chter Harlekin)\u201c \u2013 der Vorab-Single (Video auf Youtube) \u2013 wandelt sich das Sound-Bild. Eine fast schon \u00fcbertrieben \u201efette\u201c Produktion \u2013 allerdings mit einem Beat, der einem beim Tanzen oftmals zum Stolpern bringen wird. Gro\u00dfer Pop mit Z\u00e4hneknirschen. Ambivalenz. Bipolarit\u00e4t. Z\u00e4hneknirschen auch bei \u201eKarneval\u201c, einer Anklage gegen das Finanzsystem im Popsongformat. \u201eNur der Mond\u201c ist das wahrscheinlich intensivste St\u00fcck des Albums. Beginnend mit einem schwelgenden Rhodes steigert es sich in ein Beziehungsdrama bis zum bitteren Ende. \u201eDu bist nicht allein\u201c stellt einen fulminanten und auch sarkastischen Schlu\u00dfpunkt dar. Ein das Album-Konzept auf den Punkt bringendes, anti-karrieristisches Manifest, eine Anti-\u00dcberhaupt Tirade, die uns gerade in ihrer Zerworfenheit vereint.[\/vc_column_text][\/vc_column][\/vc_row]<\/p>\n\n\n\n<p>[vc_row][vc_column][vc_separator css=&#8220;.vc_custom_1447878251363{padding-top: 40px !important;padding-bottom: 40px !important;}&#8220;][\/vc_column][\/vc_row]<\/p>\n\n\n<p>[vc_row][vc_column width=&#8220;1\/2&#8243;][vc_raw_html]JTNDaWZyYW1lJTIwd2lkdGglM0QlMjIxMDAlMjUlMjIlMjBoZWlnaHQlM0QlMjI0NTAlMjIlMjBzY3JvbGxpbmclM0QlMjJubyUyMiUyMGZyYW1lYm9yZGVyJTNEJTIybm8lMjIlMjBzcmMlM0QlMjJodHRwcyUzQSUyRiUyRncuc291bmRjbG91ZC5jb20lMkZwbGF5ZXIlMkYlM0Z1cmwlM0RodHRwcyUyNTNBJTJGJTJGYXBpLnNvdW5kY2xvdWQuY29tJTJGcGxheWxpc3RzJTJGMzkyMzY1OTklMjZhbXAlM0JhdXRvX3BsYXklM0RmYWxzZSUyNmFtcCUzQmhpZGVfcmVsYXRlZCUzRGZhbHNlJTI2YW1wJTNCc2hvd19jb21tZW50cyUzRHRydWUlMjZhbXAlM0JzaG93X3VzZXIlM0R0cnVlJTI2YW1wJTNCc2hvd19yZXBvc3RzJTNEZmFsc2UlMjZhbXAlM0J2aXN1YWwlM0R0cnVlJTIyJTNFJTNDJTJGaWZyYW1lJTNF[\/vc_raw_html][\/vc_column][vc_column width=&#8220;1\/2&#8243;][vc_custom_heading text=&#8220;Wegweiser&#8220; google_fonts=&#8220;font_family:Montserrat%3Aregular%2C700|font_style:400%20regular%3A400%3Anormal&#8220;][vc_btn title=&#8220;CD kaufen&#8220; style=&#8220;flat&#8220; shape=&#8220;square&#8220; color=&#8220;danger&#8220; size=&#8220;sm&#8220; i_icon_fontawesome=&#8220;fa fa-music&#8220; add_icon=&#8220;true&#8220; link=&#8220;url:http%3A%2F%2Fneuschneemusik.org%2Fw%2F%3Fproduct%3Dwegweiser||&#8220;][vc_column_text]<\/p>\n<h6>\u2117 2008 PROBLEMB\u00c4R RECORDS [PB01]<\/h6>\n<p>[\/vc_column_text][\/vc_column][vc_column][vc_empty_space height=&#8220;22px&#8220;][vc_column_text]<br \/>\nEin Streichquartett und ein Singer\/Songwriter? Genau. Der erste offizielle Release des Wiener Indie-Labels Problemb\u00e4r Records ist gleich das Deb\u00fctalbum einer eher ungew\u00f6hnlichen Formation. Angef\u00fchrt vom eingangs zitierten Singer\/Songwriter Hans Wagner (das Trojanische Pferd, KES) pr\u00e4sentieren sich Neuschnee als eine Formation die aus dem Dschungel der austauschbaren Indie-Pop\/Rock-Gruppen unserer Tage herausragt, mitunter auch aneckt. Dabei gehen sie keineswegs grunds\u00e4tzich in Opposition, weil sie sich demonstrativ von Anderen abgrenzen, sondern prim\u00e4r mit sich selbt besch\u00e4ftigt sind. Die Einfl\u00fcsse reichen von Radiohead \u00fcber Nick Drake bis hin zu Franz Schubert; doch am Ende bleiben einfach \u201eunerh\u00f6rt sch\u00f6ne Lieder\u201c. Lieder vom Suchen und Finden und vor allem dem Weg dazwischen. Neuschnee`s \u201eWegweiser\u201c ist der Versuch eines zwischen Pop-Schlampe und Klassikliebhaber hin- und hergerissenen jungen Mannes Frieden mit diesen beiden Welten zu schliessen.[\/vc_column_text][\/vc_column][\/vc_row]<\/p>\n\n\n\n<p>[vc_row][vc_column][vc_separator css=&#8220;.vc_custom_1447878267154{padding-top: 40px !important;padding-bottom: 40px !important;}&#8220;][\/vc_column][\/vc_row][vc_row][vc_column width=&#8220;1\/2&#8243;][vc_raw_html]JTNDaWZyYW1lJTIwd2lkdGglM0QlMjIxMDAlMjUlMjIlMjBoZWlnaHQlM0QlMjI0NTAlMjIlMjBzY3JvbGxpbmclM0QlMjJubyUyMiUyMGZyYW1lYm9yZGVyJTNEJTIybm8lMjIlMjBzcmMlM0QlMjJodHRwcyUzQSUyRiUyRncuc291bmRjbG91ZC5jb20lMkZwbGF5ZXIlMkYlM0Z1cmwlM0RodHRwcyUyNTNBJTJGJTJGYXBpLnNvdW5kY2xvdWQuY29tJTJGcGxheWxpc3RzJTJGMzkyMDA0OTYlMjZhbXAlM0JhdXRvX3BsYXklM0RmYWxzZSUyNmFtcCUzQmhpZGVfcmVsYXRlZCUzRGZhbHNlJTI2YW1wJTNCc2hvd19jb21tZW50cyUzRHRydWUlMjZhbXAlM0JzaG93X3VzZXIlM0R0cnVlJTI2YW1wJTNCc2hvd19yZXBvc3RzJTNEZmFsc2UlMjZhbXAlM0J2aXN1YWwlM0R0cnVlJTIyJTNFJTNDJTJGaWZyYW1lJTNF[\/vc_raw_html][\/vc_column][vc_column width=&#8220;1\/2&#8243;][vc_custom_heading text=&#8220;Songs from the living room&#8220; google_fonts=&#8220;font_family:Montserrat%3Aregular%2C700|font_style:400%20regular%3A400%3Anormal&#8220;][\/vc_column][\/vc_row]<\/p>\n<\/div>","protected":false},"excerpt":{"rendered":"<p>[vc_row][vc_column][vc_separator css=&#8220;.vc_custom_1447878210016{padding-top: 40px !important;padding-bottom: 40px !important;}&#8220;][\/vc_column][\/vc_row] [vc_row][vc_column][vc_separator css=&#8220;.vc_custom_1447878251363{padding-top: 40px !important;padding-bottom: 40px !important;}&#8220;][\/vc_column][\/vc_row] [vc_row][vc_column][vc_separator css=&#8220;.vc_custom_1447878267154{padding-top: 40px !important;padding-bottom: 40px !important;}&#8220;][\/vc_column][\/vc_row][vc_row][vc_column width=&#8220;1\/2&#8243;][vc_raw_html]JTNDaWZyYW1lJTIwd2lkdGglM0QlMjIxMDAlMjUlMjIlMjBoZWlnaHQlM0QlMjI0NTAlMjIlMjBzY3JvbGxpbmclM0QlMjJubyUyMiUyMGZyYW1lYm9yZGVyJTNEJTIybm8lMjIlMjBzcmMlM0QlMjJodHRwcyUzQSUyRiUyRncuc291bmRjbG91ZC5jb20lMkZwbGF5ZXIlMkYlM0Z1cmwlM0RodHRwcyUyNTNBJTJGJTJGYXBpLnNvdW5kY2xvdWQuY29tJTJGcGxheWxpc3RzJTJGMzkyMDA0OTYlMjZhbXAlM0JhdXRvX3BsYXklM0RmYWxzZSUyNmFtcCUzQmhpZGVfcmVsYXRlZCUzRGZhbHNlJTI2YW1wJTNCc2hvd19jb21tZW50cyUzRHRydWUlMjZhbXAlM0JzaG93X3VzZXIlM0R0cnVlJTI2YW1wJTNCc2hvd19yZXBvc3RzJTNEZmFsc2UlMjZhbXAlM0J2aXN1YWwlM0R0cnVlJTIyJTNFJTNDJTJGaWZyYW1lJTNF[\/vc_raw_html][\/vc_column][vc_column width=&#8220;1\/2&#8243;][vc_custom_heading text=&#8220;Songs from the living room&#8220; google_fonts=&#8220;font_family:Montserrat%3Aregular%2C700|font_style:400%20regular%3A400%3Anormal&#8220;][\/vc_column][\/vc_row]<\/p>\n","protected":false},"author":1,"featured_media":0,"parent":0,"menu_order":0,"comment_status":"closed","ping_status":"closed","template":"","meta":{"footnotes":""},"_links":{"self":[{"href":"https:\/\/neuschneemusik.org\/index.php?rest_route=\/wp\/v2\/pages\/2040"}],"collection":[{"href":"https:\/\/neuschneemusik.org\/index.php?rest_route=\/wp\/v2\/pages"}],"about":[{"href":"https:\/\/neuschneemusik.org\/index.php?rest_route=\/wp\/v2\/types\/page"}],"author":[{"embeddable":true,"href":"https:\/\/neuschneemusik.org\/index.php?rest_route=\/wp\/v2\/users\/1"}],"replies":[{"embeddable":true,"href":"https:\/\/neuschneemusik.org\/index.php?rest_route=%2Fwp%2Fv2%2Fcomments&post=2040"}],"version-history":[{"count":120,"href":"https:\/\/neuschneemusik.org\/index.php?rest_route=\/wp\/v2\/pages\/2040\/revisions"}],"predecessor-version":[{"id":2712,"href":"https:\/\/neuschneemusik.org\/index.php?rest_route=\/wp\/v2\/pages\/2040\/revisions\/2712"}],"wp:attachment":[{"href":"https:\/\/neuschneemusik.org\/index.php?rest_route=%2Fwp%2Fv2%2Fmedia&parent=2040"}],"curies":[{"name":"wp","href":"https:\/\/api.w.org\/{rel}","templated":true}]}}