{"id":36,"date":"2015-08-12T06:47:04","date_gmt":"2015-08-12T04:47:04","guid":{"rendered":"http:\/\/klbtheme.com\/innera\/?page_id=22"},"modified":"2018-03-20T21:53:26","modified_gmt":"2018-03-20T20:53:26","slug":"band","status":"publish","type":"page","link":"https:\/\/neuschneemusik.org\/?page_id=36","title":{"rendered":"Band"},"content":{"rendered":"<div class=\"wpb-content-wrapper\"><p>[vc_row][vc_column][vc_single_image image=&#8220;2441&#8243; img_size=&#8220;full&#8220;][vc_column_text]<\/p>\n<h2 style=\"text-align: justify;\">Neuschnee &#8211; Crossover Kammermusik aus Wien<\/h2>\n<p style=\"text-align: justify;\">Die treibende Kraft ihrer Musik sind die Stimme und unbestechlich ehrliche Poesie Hans Wagners, eingebettet in die Klang- und Ausdruckskraft eines kunstvoll arrangierten Streichquartetts. W\u00e4hrend das Quartett musikalisch f\u00fchrt, gesellen sich ein sensibel bis druckvoll eingesetztes Schlagzeug, BassSynth und elektronische Kl\u00e4nge dazu &#8211; stets dienend, um den Worten ein musikalisches Gewand zu leihen. Die musikalischen Einfl\u00fcsse der Band reichen von der Renaissancemusik bis zum Grunge-Rock und so spannen auch ihre Lieder einen weiten Bogen von kunstsinnig bis roh, zerbrechlich bis ungest\u00fcm-wild.<\/p>\n<p style=\"text-align: justify;\">Besetzung:<br \/>\nHans Wagner \u2013 Gesang, Gitarre, Bass, Klavier<br \/>\nMartin Reining \u2013 Violine<br \/>\nFlorin Sighartner \u2013 Violine<br \/>\nEmily Stewart\u00a0\u2013 Viola, Bassynth<br \/>\nRaimund Seidl \u2013 Cello<br \/>\nAndi Senn \u2013 Schlagzeug<br \/>\nBenjamin Wuthe \u2013 Live-Tontechnik<\/p>\n<p>[\/vc_column_text][\/vc_column][\/vc_row][vc_row][vc_column][vc_empty_space][\/vc_column][\/vc_row]<\/p>\n<\/div>","protected":false},"excerpt":{"rendered":"<p>[vc_row][vc_column][vc_single_image image=&#8220;2441&#8243; img_size=&#8220;full&#8220;][vc_column_text] Neuschnee &#8211; Crossover Kammermusik aus Wien Die treibende Kraft ihrer Musik sind die Stimme und unbestechlich ehrliche Poesie Hans Wagners, eingebettet in die Klang- und Ausdruckskraft eines kunstvoll arrangierten Streichquartetts. W\u00e4hrend das Quartett musikalisch f\u00fchrt, gesellen sich ein sensibel bis druckvoll eingesetztes Schlagzeug, BassSynth und elektronische Kl\u00e4nge dazu &#8211; stets dienend, um<\/p>\n<div class=\"text-left\"><a href=\"https:\/\/neuschneemusik.org\/?page_id=36\" class=\"link-more\">Read More<\/a><\/div>\n","protected":false},"author":2,"featured_media":0,"parent":0,"menu_order":0,"comment_status":"closed","ping_status":"closed","template":"","meta":{"footnotes":""},"_links":{"self":[{"href":"https:\/\/neuschneemusik.org\/index.php?rest_route=\/wp\/v2\/pages\/36"}],"collection":[{"href":"https:\/\/neuschneemusik.org\/index.php?rest_route=\/wp\/v2\/pages"}],"about":[{"href":"https:\/\/neuschneemusik.org\/index.php?rest_route=\/wp\/v2\/types\/page"}],"author":[{"embeddable":true,"href":"https:\/\/neuschneemusik.org\/index.php?rest_route=\/wp\/v2\/users\/2"}],"replies":[{"embeddable":true,"href":"https:\/\/neuschneemusik.org\/index.php?rest_route=%2Fwp%2Fv2%2Fcomments&post=36"}],"version-history":[{"count":32,"href":"https:\/\/neuschneemusik.org\/index.php?rest_route=\/wp\/v2\/pages\/36\/revisions"}],"predecessor-version":[{"id":2442,"href":"https:\/\/neuschneemusik.org\/index.php?rest_route=\/wp\/v2\/pages\/36\/revisions\/2442"}],"wp:attachment":[{"href":"https:\/\/neuschneemusik.org\/index.php?rest_route=%2Fwp%2Fv2%2Fmedia&parent=36"}],"curies":[{"name":"wp","href":"https:\/\/api.w.org\/{rel}","templated":true}]}}