{"id":2114,"date":"2015-11-20T00:22:37","date_gmt":"2015-11-19T23:22:37","guid":{"rendered":"http:\/\/neuschneemusik.org\/w\/?post_type=product&#038;p=2114"},"modified":"2018-08-29T12:44:10","modified_gmt":"2018-08-29T10:44:10","slug":"wegweiser","status":"publish","type":"product","link":"https:\/\/neuschneemusik.org\/?product=wegweiser","title":{"rendered":"Wegweiser (CD)"},"content":{"rendered":"<h2 class=\"title\">Wegweiser (CD)<\/h2>\n<h6><span style=\"color: #000000;\">\u2117 2008 PROBLEMB\u00c4R RECORDS [PB01]<\/span><\/h6>\n<p><span style=\"color: #000000;\">Ein Streichquartett und ein Singer\/Songwriter? Genau. Der erste offizielle Release des Wiener Indie-Labels Problemb\u00e4r Records ist gleich das Deb\u00fctalbum einer eher ungew\u00f6hnlichen Formation. Angef\u00fchrt vom eingangs zitierten Singer\/Songwriter Hans Wagner (das Trojanische Pferd, Hans im Gl\u00fcck, KES) pr\u00e4sentieren sich Neuschnee als eine Formation die aus dem Dschungel der austauschbaren Indie-Pop\/Rock-Gruppen unserer Tage herausragt, mitunter auch aneckt. Dabei gehen sie keineswegs grunds\u00e4tzich in Opposition, weil sie sich demonstrativ von Anderen abgrenzen, sondern prim\u00e4r mit sich selbt besch\u00e4ftigt sind. Die Einfl\u00fcsse reichen von Radiohead \u00fcber Nick Drake bis hin zu Franz Schubert; doch am Ende bleiben einfach \u201eunerh\u00f6rt sch\u00f6ne Lieder\u201c. Lieder vom Suchen und Finden und vor allem dem Weg dazwischen.<\/span><\/p>\n<p><span style=\"color: #000000;\">Tracklist:<\/span><\/p>\n<ol>\n<li><span style=\"color: #000000;\">01 Tr\u00e4nenpalast<\/span><\/li>\n<li><span style=\"color: #000000;\">02 Ausverkauf<\/span><\/li>\n<li><span style=\"color: #000000;\">03 Gaba<\/span><\/li>\n<li><span style=\"color: #000000;\">04 Zufriedenheit<\/span><\/li>\n<li><span style=\"color: #000000;\">05 Trockenfutter<\/span><\/li>\n<li><span style=\"color: #000000;\">06 In der Nacht<\/span><\/li>\n<li><span style=\"color: #000000;\">07 Nur ein Wort<\/span><\/li>\n<li><span style=\"color: #000000;\">08 Neuschnee<\/span><\/li>\n<li><span style=\"color: #000000;\">09 Gibt es nicht<\/span><\/li>\n<li><span style=\"color: #000000;\">10 Wiedersetzung<\/span><\/li>\n<li><span style=\"color: #000000;\">11 Weg nach oben<\/span><\/li>\n<li><span style=\"color: #000000;\">12 Gesucht, Gefunden<\/span><\/li>\n<li><span style=\"color: #000000;\">\u00a0 \u00a0 \u00a0Wegweiser (Hidden Track)<\/span><\/li>\n<\/ol>\n","protected":false},"excerpt":{"rendered":"<p>Wegweiser (CD) \u2117 2008 PROBLEMB\u00c4R RECORDS [PB01] Ein Streichquartett und ein Singer\/Songwriter? Genau. Der erste offizielle Release des Wiener Indie-Labels Problemb\u00e4r Records ist gleich das Deb\u00fctalbum einer eher ungew\u00f6hnlichen Formation. Angef\u00fchrt vom eingangs zitierten Singer\/Songwriter Hans Wagner (das Trojanische Pferd, Hans im Gl\u00fcck, KES) pr\u00e4sentieren sich Neuschnee als eine Formation die aus dem Dschungel der<\/p>\n<div class=\"text-left\"><a href=\"https:\/\/neuschneemusik.org\/?product=wegweiser\" class=\"link-more\">Read More<\/a><\/div>\n","protected":false},"featured_media":2115,"template":"","meta":[],"product_cat":[38],"product_tag":[],"_links":{"self":[{"href":"https:\/\/neuschneemusik.org\/index.php?rest_route=\/wp\/v2\/product\/2114"}],"collection":[{"href":"https:\/\/neuschneemusik.org\/index.php?rest_route=\/wp\/v2\/product"}],"about":[{"href":"https:\/\/neuschneemusik.org\/index.php?rest_route=\/wp\/v2\/types\/product"}],"wp:featuredmedia":[{"embeddable":true,"href":"https:\/\/neuschneemusik.org\/index.php?rest_route=\/wp\/v2\/media\/2115"}],"wp:attachment":[{"href":"https:\/\/neuschneemusik.org\/index.php?rest_route=%2Fwp%2Fv2%2Fmedia&parent=2114"}],"wp:term":[{"taxonomy":"product_cat","embeddable":true,"href":"https:\/\/neuschneemusik.org\/index.php?rest_route=%2Fwp%2Fv2%2Fproduct_cat&post=2114"},{"taxonomy":"product_tag","embeddable":true,"href":"https:\/\/neuschneemusik.org\/index.php?rest_route=%2Fwp%2Fv2%2Fproduct_tag&post=2114"}],"curies":[{"name":"wp","href":"https:\/\/api.w.org\/{rel}","templated":true}]}}