{"id":2421,"date":"2018-02-03T20:20:05","date_gmt":"2018-02-03T19:20:05","guid":{"rendered":"http:\/\/neuschneemusik.org\/?product=okay-lp"},"modified":"2023-01-02T23:11:34","modified_gmt":"2023-01-02T22:11:34","slug":"okay-lp","status":"publish","type":"product","link":"https:\/\/neuschneemusik.org\/?product=okay-lp","title":{"rendered":"Okay (LP)"},"content":{"rendered":"<div class=\"wpb-content-wrapper\"><p style=\"text-align: left;\"><span style=\"color: #000000;\"><strong>Digital gerade nur hier erh\u00e4ltlich:<\/strong><\/span><\/p>\n<p>[vc_btn title=&#8220;Bandcamp&#8220; style=&#8220;flat&#8220; shape=&#8220;square&#8220; color=&#8220;danger&#8220; align=&#8220;center&#8220; link=&#8220;url:http%3A%2F%2Fneuschneemusik.bandcamp.com%2Falbum%2Fokay||target:%20_blank&#8220;][\/vc_column][\/vc_row]<\/p>\n<h6><span style=\"color: #000000;\"> release date: \u00a002.02. 2018 (LP, CD, digital)<\/span><br \/>\n<span style=\"color: #000000;\"><br \/>\n<\/span><\/h6>\n<p><span style=\"color: #000000;\"> 2008 waren Neuschnee das erste Signing auf Problemb\u00e4r Records. Zehn Jahre sp\u00e4ter erscheint jetzt mit OKAY ihr facettenreichstes und zuversichtlistes Werk bisher. War die Reise des &#8222;Schneckenk\u00f6nigs&#8220; auf Album Nr. 3 ein d\u00fcsteres, philosophisches Popm\u00e4rchen, so ist das neue Album sehr pr\u00e4sent und affirmativ. Man k\u00f6nnte auch sagen: Der talentierte Mr. Wagner ist gelandet.<\/span><\/p>\n<p><span style=\"color: #000000;\">OKAY durchmisst in nur 7 Liedern und ziemlich genau 30 Minuten einen samtig-druckvollen Musikkosmos in dem Weltschmerz auf sexy Grooves trifft und sich verspielter Opulenz und lupenreine Finesse nicht im Weg stehen. Eklektizismus, Wahnsinn &amp; Katharsis &#8211; und dazwischen immer wieder mal eine Portion Kapitalismuskritik.<\/span><\/p>\n<p><span style=\"color: #000000;\">Der Opener &#8222;Der Zeitgeist macht Buh&#8220; ist f\u00fcr Neuschnee-Verh\u00e4ltnisse ungew\u00f6hnlich reduziert, begr\u00fc\u00dft einen mit Roboterstimme: \u201eWas ist nur Gef\u00fchl und was ist real\u201c und \u201cWer ist die Made und wem geh\u00f6rt der Speck? Die Maschinen die wir selben bauen, nehmen uns die Arbeit weg.&#8220; Das ist mehr als ein Lied, es ist ein kleines Manifest und es endet mit dem Mantra: &#8222;Es ist nie zu sp\u00e4t f\u00fcr ein bisschen mehr Solidarit\u00e4t&#8220;. Dort kn\u00fcpft dann gleich &#8222;It&#8217;s okay to feel lost&#8220; an und verpasst uns einen &#8211; gro\u00dfteils englischsprachigen &#8211; Schulterklopfer. In &#8222;Stadtrandkind&#8220; geht es um Wagners Kindheit in Berlin (genauer: Marienfelde). Man sieht H\u00e4nschen Klein an der Bushaltestelle kiffen und im Bandraum des Jugendzentrums &#8222;zeigen was man noch nicht kann&#8220; &#8211; dabei wird automatisch in die eigene Kindheit zur\u00fcckversetzt. &#8222;Dasselbe Lied&#8220; erinnert uns daran, dass 90% aller Musik von Liebe oder dem Verlust derselben handeln, w\u00e4hrend dieses Lied zu den \u00fcbrigen 10% geh\u00f6rt, die denselben Sachverhalt auf der Metaebene verhandeln \ud83d\ude09<\/span><\/p>\n<p><span style=\"color: #000000;\">&#8222;Umami&#8220; erschien bereits als Vorab-Single. Neuschnees erster englischer Streich &#8211; gemeinsam mit Pippa und der gelungenen Beweisf\u00fchrung dass Essen und k\u00f6rperliche Liebe viel gemeinsam haben k\u00f6nnen. &#8222;Denkmal aus Glas&#8220; schlie\u00dft den Kreis zu den Anf\u00e4ngen der Band: Gitarre, Gesang und Streichquartett. Ein ebenso verspieltes wie durchdachtes Lied. Eine Zw\u00f6lftonreihe ist in die Musik wie auch den Text eingewoben: \u201eZw\u00f6lf T\u00f6ne spielen\u2026\u201c Im\u00a0 Refrain hei\u00dft es dann: \u201eErinnerung klebt und Geld flie\u00dft schnell. Das Leben ist kein Musical.&#8220; Tatsache. Vielleicht das sch\u00f6nste Lied des Albums &#8211; w\u00e4re da nicht &#8222;Lass uns leben&#8220;, der kr\u00f6nende Abschluss des Albums, das uns mit dem wohligen Gef\u00fchl entl\u00e4sst &#8222;Vertraue meiner Unzul\u00e4nglichkeit, w\u00e4hrend der Dichter sch\u00f6ne Worte&#8230; ver-spricht!&#8220;. Ein zeitloses St\u00fcck Musik.<\/span><\/p>\n<p><span style=\"color: #000000;\">Tracklist:<\/span><\/p>\n<ol>\n<li><span style=\"color: #000000;\">01 Der Zeitgeist macht Buh<\/span><\/li>\n<li><span style=\"color: #000000;\">02 It&#8217;s okay to feel lost<\/span><\/li>\n<li><span style=\"color: #000000;\">03 Stadtrandkind<\/span><\/li>\n<li><span style=\"color: #000000;\">04 Dasselbe Lied<\/span><\/li>\n<li><span style=\"color: #000000;\">05 Umami<\/span><\/li>\n<li><span style=\"color: #000000;\">06 Denkmal aus Glas<\/span><\/li>\n<li><span style=\"color: #000000;\">07 Lass uns leben<\/span><\/li>\n<\/ol>\n<\/div>","protected":false},"excerpt":{"rendered":"<p>&nbsp;<\/p>\n<p>&nbsp;<\/p>\n","protected":false},"featured_media":2405,"template":"","meta":[],"product_cat":[38],"product_tag":[],"_links":{"self":[{"href":"https:\/\/neuschneemusik.org\/index.php?rest_route=\/wp\/v2\/product\/2421"}],"collection":[{"href":"https:\/\/neuschneemusik.org\/index.php?rest_route=\/wp\/v2\/product"}],"about":[{"href":"https:\/\/neuschneemusik.org\/index.php?rest_route=\/wp\/v2\/types\/product"}],"wp:featuredmedia":[{"embeddable":true,"href":"https:\/\/neuschneemusik.org\/index.php?rest_route=\/wp\/v2\/media\/2405"}],"wp:attachment":[{"href":"https:\/\/neuschneemusik.org\/index.php?rest_route=%2Fwp%2Fv2%2Fmedia&parent=2421"}],"wp:term":[{"taxonomy":"product_cat","embeddable":true,"href":"https:\/\/neuschneemusik.org\/index.php?rest_route=%2Fwp%2Fv2%2Fproduct_cat&post=2421"},{"taxonomy":"product_tag","embeddable":true,"href":"https:\/\/neuschneemusik.org\/index.php?rest_route=%2Fwp%2Fv2%2Fproduct_tag&post=2421"}],"curies":[{"name":"wp","href":"https:\/\/api.w.org\/{rel}","templated":true}]}}