{"id":2666,"date":"2023-10-21T20:57:39","date_gmt":"2023-10-21T18:57:39","guid":{"rendered":"https:\/\/neuschneemusik.org\/?post_type=product&#038;p=2666"},"modified":"2023-10-21T21:00:58","modified_gmt":"2023-10-21T19:00:58","slug":"der-laerm-der-welt-lp","status":"publish","type":"product","link":"https:\/\/neuschneemusik.org\/?product=der-laerm-der-welt-lp","title":{"rendered":"Der L\u00e4rm der Welt (Doppel-LP)"},"content":{"rendered":"<h6><span style=\"color: #000000;\">release date:\u00a0 20.10. 2023 (LP (2), CD, digital)<\/span><br \/>\n<span style=\"color: #000000;\"><br \/>\n<\/span><\/h6>\n<p><span style=\"color: #000000;\"><strong> &#8222;Der L\u00e4rm der Welt&#8220;<\/strong> ist Neuschnees letztes Album. &#8222;Die Produktion dieses Albums hat viel Kraft, Zeit und Ressourcen verschlungen. Ich bin an einem Scheideweg und kann nicht versprechen, dass es noch einmal so ein Album geben wird. Neuschnee wird es aber sicher weiterhin in einer anderen Form geben&#8220;, erkl\u00e4rt Hans Wagner, Kopf der Band. Und Hans Wagner will sich mit nicht weniger als einem Meisterwerk verabschieden..<\/span><\/p>\n<p><span style=\"color: #000000;\">Im vierten Titel <strong>WAS NOCH M\u00d6GLICH IST<\/strong> hei\u00dft es kryptisch: \u201eDie Ewigkeit ist lange, besonders gegen Ende hin. Manchmal k\u00fcsst sie deine Wange und fl\u00fcstert, das macht alles Sinn\u201c. <\/span><\/p>\n<p><span style=\"color: #000000;\">Witz und Poesie, Wortspiele machen die harten Realit\u00e4ten annehmbar, ohne sie zu besch\u00f6nigen. Die Mechanismen des Musikgesch\u00e4ftes und dessen Aufmerksamkeits\u00f6konomie liefern dazu einigen Stoff: \u201eIn der Show singt die alleinerziehende Mutter, viel Emotionen, viel Applaus &#8211; Die Jury lobt \u201eMusik kennt ja kein Alter\u201c und dann fliegt sie raus\u201c (<strong>ALLES SCHWIMMT DAVON<\/strong>). Aber auch das Leben an sich, das selten nach Plan l\u00e4uft: \u201eH\u00f6r, das Herz ist auch kein Metronom \/ Es stolpert mal hinterher, mal nach vorn \/ Nicht umsonst, manchmal vielleicht vergebens \/ Aber immer im Rhythmus des Lebens\u201c (<strong>METRONOM<\/strong>). In <strong>SCHATTENKIND<\/strong> tanzt das innere Kind durch seine eigene Welt \u2013 als \u201eSchiff ohne Kompass\u201c als \u201eKrieger\u201c als \u201eleuchtender Stern\u201c: \u201eManchmal bin ich w\u00fctend, aber eigentlich gekr\u00e4nkt\u201c \u2013 es sind im Prinzip einfache S\u00e4tze wie diese, die das allzu-menschliche greifbar machen. Hans Wagner, der nicht nur das Herz anatomisch gesehen auf der falschen Seite hat, tr\u00e4gt seine Blutpumpe auf der Zunge und braucht sich auch 2023 nicht hinter Ironie zu verstecken. In <strong>U-BOOT<\/strong> funktioniert der Text subtiler: \u201eSozialer Stress und stille Konkurrenz\u201c reimen sich auf \u201eCopy Paste Friends\u201c, und damit ist alles klar.<br \/>\nDie Musik umspielt die Texte dabei so elegant, als w\u00e4re das Streichquartett im Pop das Normalste der Welt. Feine Grooves, effektierter E-Bass und verspielte Vintage Synthesizer erweitern diese Klangwelt in Richtung Vertr\u00e4umtheit und Melancholie. Selten brausen die Streicher auch rockig auf wie fr\u00fcher (<strong>FEUER IN MIR, AUF HOHER SEE<\/strong>).<\/span><\/p>\n<p><span style=\"color: #000000;\">Das gro\u00dfe Finale ist schlie\u00dflich die Live-Aufnahme eines Auftragswerks f\u00fcr Band und Orchester, das 2019 am Kammermusik Festival in Graz uraufgef\u00fchrt wurde. Es realisiert die Idee eines sinfonischen Popliedes &#8211; ein Kindheitstraum Hans Wagners. Musikalisch gesehen sowohl mit Raum f\u00fcr Improvisationen als auch kompositorisch durchdacht, setzt es sich mit dem Thema Sterben auseinander als thematische Fu\u00dfnote zum damaligen Anlass des Konzertes: Eine Benefizveranstaltung f\u00fcr ein Hospiz. W\u00e4hrend sich das Orchester spiralf\u00f6rmig nach oben schraubt, endet es schlie\u00dflich mit dem \u00dcbergang vom Diesseits ins Jenseits: \u201eDas Licht mit g\u00fctigen Augen fragt: Bist du jetzt soweit? Und verstr\u00f6mt das, was wir alle brauchen k\u00f6nnen: Ewige Geborgenheit\u201c <\/span><\/p>\n<p><span style=\"color: #000000;\">Tracklist:<\/span><\/p>\n<ol>\n<li><span style=\"color: #000000;\">01 Ganz leise<\/span><\/li>\n<li><span style=\"color: #000000;\">02 Diese Welt ist sch\u00f6ner<\/span><\/li>\n<li><span style=\"color: #000000;\">03 Feuer in mir<\/span><\/li>\n<li><span style=\"color: #000000;\">04 Was noch m\u00f6glich ist<\/span><\/li>\n<li><span style=\"color: #000000;\">05 Metronom<\/span><\/li>\n<li><span style=\"color: #000000;\">06 Schattenkind<\/span><\/li>\n<li><span style=\"color: #000000;\">07 Auf hoher See<\/span><\/li>\n<li><span style=\"color: #000000;\">08 U-Boot<\/span><\/li>\n<li><span style=\"color: #000000;\">09 Alles schwimmt davon<\/span><\/li>\n<li><span style=\"color: #000000;\">10 Fliege durch den Tag<\/span><\/li>\n<li><span style=\"color: #000000;\">11 Der L\u00e4rm der Welt<\/span><\/li>\n<\/ol>\n","protected":false},"excerpt":{"rendered":"<p>&nbsp;<\/p>\n<p>&nbsp;<\/p>\n","protected":false},"featured_media":2661,"template":"","meta":[],"product_cat":[38],"product_tag":[],"_links":{"self":[{"href":"https:\/\/neuschneemusik.org\/index.php?rest_route=\/wp\/v2\/product\/2666"}],"collection":[{"href":"https:\/\/neuschneemusik.org\/index.php?rest_route=\/wp\/v2\/product"}],"about":[{"href":"https:\/\/neuschneemusik.org\/index.php?rest_route=\/wp\/v2\/types\/product"}],"wp:featuredmedia":[{"embeddable":true,"href":"https:\/\/neuschneemusik.org\/index.php?rest_route=\/wp\/v2\/media\/2661"}],"wp:attachment":[{"href":"https:\/\/neuschneemusik.org\/index.php?rest_route=%2Fwp%2Fv2%2Fmedia&parent=2666"}],"wp:term":[{"taxonomy":"product_cat","embeddable":true,"href":"https:\/\/neuschneemusik.org\/index.php?rest_route=%2Fwp%2Fv2%2Fproduct_cat&post=2666"},{"taxonomy":"product_tag","embeddable":true,"href":"https:\/\/neuschneemusik.org\/index.php?rest_route=%2Fwp%2Fv2%2Fproduct_tag&post=2666"}],"curies":[{"name":"wp","href":"https:\/\/api.w.org\/{rel}","templated":true}]}}